{"id":669,"date":"2026-02-13T07:38:39","date_gmt":"2026-02-13T07:38:39","guid":{"rendered":"https:\/\/profinos.de\/fundgrube\/?post_type=product&#038;p=669"},"modified":"2026-02-13T07:47:25","modified_gmt":"2026-02-13T07:47:25","slug":"2-schraenke","status":"publish","type":"product","link":"https:\/\/profinos.de\/fundgrube\/?product=2-schraenke","title":{"rendered":"2 Schr\u00e4nke"},"content":{"rendered":"<p>Ein Schrank ist nagelneu und OVP im Karton.<br \/>\nDer andere war mal eine kurze Zeit an der Wand aufgehangen.<\/p>\n<p>Die Schr\u00e4nke sind urspr\u00fcnglich dazu da, Musikinstrumente( Orff Instrumente) \u00fcbersichtlich aufzuh\u00e4ngen und zu lagern. Sie k\u00f6nnen aber nat\u00fcrlich auch gerne zweckentfremdet werden.<br \/>\nBeide sind ab sofort abzugeben und k\u00f6nnen in Winden abgeholt werden.<\/p>\n","protected":false},"excerpt":{"rendered":"<p>Ein Schrank ist nagelneu und OVP im Karton. Der andere war mal eine kurze Zeit an der Wand aufgehangen. Die Schr\u00e4nke sind urspr\u00fcnglich dazu da, Musikinstrumente( Orff Instrumente) \u00fcbersichtlich aufzuh\u00e4ngen und zu lagern. Sie k\u00f6nnen aber nat\u00fcrlich auch gerne zweckentfremdet werden. Beide sind ab sofort abzugeben und k\u00f6nnen in Winden abgeholt werden.<\/p>\n","protected":false},"featured_media":671,"template":"","meta":{"site-sidebar-layout":"default","site-content-layout":"default","ast-site-content-layout":"default","site-content-style":"default","site-sidebar-style":"default","ast-global-header-display":"","ast-banner-title-visibility":"","ast-main-header-display":"","ast-hfb-above-header-display":"","ast-hfb-below-header-display":"","ast-hfb-mobile-header-display":"","site-post-title":"","ast-breadcrumbs-content":"","ast-featured-img":"","footer-sml-layout":"","theme-transparent-header-meta":"default","adv-header-id-meta":"","stick-header-meta":"","header-above-stick-meta":"","header-main-stick-meta":"","header-below-stick-meta":"","astra-migrate-meta-layouts":"set","ast-page-background-enabled":"default","ast-page-background-meta":{"desktop":{"background-color":"var(--ast-global-color-4)","background-image":"","background-repeat":"repeat","background-position":"center center","background-size":"auto","background-attachment":"scroll","background-type":"","background-media":"","overlay-type":"","overlay-color":"","overlay-opacity":"","overlay-gradient":""},"tablet":{"background-color":"","background-image":"","background-repeat":"repeat","background-position":"center center","background-size":"auto","background-attachment":"scroll","background-type":"","background-media":"","overlay-type":"","overlay-color":"","overlay-opacity":"","overlay-gradient":""},"mobile":{"background-color":"","background-image":"","background-repeat":"repeat","background-position":"center center","background-size":"auto","background-attachment":"scroll","background-type":"","background-media":"","overlay-type":"","overlay-color":"","overlay-opacity":"","overlay-gradient":""}},"ast-content-background-meta":{"desktop":{"background-color":"var(--ast-global-color-5)","background-image":"","background-repeat":"repeat","background-position":"center center","background-size":"auto","background-attachment":"scroll","background-type":"","background-media":"","overlay-type":"","overlay-color":"","overlay-opacity":"","overlay-gradient":""},"tablet":{"background-color":"var(--ast-global-color-5)","background-image":"","background-repeat":"repeat","background-position":"center center","background-size":"auto","background-attachment":"scroll","background-type":"","background-media":"","overlay-type":"","overlay-color":"","overlay-opacity":"","overlay-gradient":""},"mobile":{"background-color":"var(--ast-global-color-5)","background-image":"","background-repeat":"repeat","background-position":"center center","background-size":"auto","background-attachment":"scroll","background-type":"","background-media":"","overlay-type":"","overlay-color":"","overlay-opacity":"","overlay-gradient":""}}},"product_brand":[],"product_cat":[16],"product_tag":[57],"class_list":{"0":"post-669","1":"product","2":"type-product","3":"status-publish","4":"has-post-thumbnail","6":"product_cat-moebel","7":"product_tag-kita-st-urban-winden","8":"desktop-align-left","9":"tablet-align-left","10":"mobile-align-left","12":"first","13":"instock","14":"shipping-taxable","15":"purchasable","16":"product-type-simple"},"_links":{"self":[{"href":"https:\/\/profinos.de\/fundgrube\/index.php?rest_route=\/wp\/v2\/product\/669","targetHints":{"allow":["GET"]}}],"collection":[{"href":"https:\/\/profinos.de\/fundgrube\/index.php?rest_route=\/wp\/v2\/product"}],"about":[{"href":"https:\/\/profinos.de\/fundgrube\/index.php?rest_route=\/wp\/v2\/types\/product"}],"wp:featuredmedia":[{"embeddable":true,"href":"https:\/\/profinos.de\/fundgrube\/index.php?rest_route=\/wp\/v2\/media\/671"}],"wp:attachment":[{"href":"https:\/\/profinos.de\/fundgrube\/index.php?rest_route=%2Fwp%2Fv2%2Fmedia&parent=669"}],"wp:term":[{"taxonomy":"product_brand","embeddable":true,"href":"https:\/\/profinos.de\/fundgrube\/index.php?rest_route=%2Fwp%2Fv2%2Fproduct_brand&post=669"},{"taxonomy":"product_cat","embeddable":true,"href":"https:\/\/profinos.de\/fundgrube\/index.php?rest_route=%2Fwp%2Fv2%2Fproduct_cat&post=669"},{"taxonomy":"product_tag","embeddable":true,"href":"https:\/\/profinos.de\/fundgrube\/index.php?rest_route=%2Fwp%2Fv2%2Fproduct_tag&post=669"}],"curies":[{"name":"wp","href":"https:\/\/api.w.org\/{rel}","templated":true}]}}